{"id":74,"date":"2019-10-12T20:10:19","date_gmt":"2019-10-12T18:10:19","guid":{"rendered":"http:\/\/echecscentre-valdeloire.fr\/?page_id=74"},"modified":"2025-09-21T19:10:23","modified_gmt":"2025-09-21T17:10:23","slug":"reglement-des-competitions","status":"publish","type":"page","link":"https:\/\/echecscentre-valdeloire.fr\/index.php\/reglement-des-competitions\/","title":{"rendered":"R\u00e8glement des comp\u00e9titions"},"content":{"rendered":"\n<p>Mise \u00e0 jour du 21\/09\/2025<br>Fichiers PDF ici: <a href=\"http:\/\/echecscentre-valdeloire.fr\/wp-content\/uploads\/2025\/09\/Saison-2025-2026-Ligue-CVL-Reglement-des-interclubs-v1.0-Valide-Codir-CVL-2025-09-13-CTF-2025-09-10j-Google-Docs.pdf\" data-type=\"link\" data-id=\"http:\/\/echecscentre-valdeloire.fr\/wp-content\/uploads\/2025\/09\/Saison-2025-2026-Ligue-CVL-Reglement-des-interclubs-v1.0-Valide-Codir-CVL-2025-09-13-CTF-2025-09-10j-Google-Docs.pdf\">R\u00e8glement des Interclubs<\/a><\/p>\n\n\n\n<p>R\u00e8glement du Championnat r\u00e9gional Jeunes (document \u00e0 venir)<\/p>\n\n\n\n<p>R\u00e8glement NAT III Jeunes (document \u00e0 venir)<\/p>\n\n\n\n<p>&#8212;&#8212;&#8212;&#8212;&#8212;&#8212;&#8212;&#8212;&#8212;&#8212;&#8212;&#8212;&#8212;&#8211;<\/p>\n\n\n\n<p><\/p>\n","protected":false},"excerpt":{"rendered":"<p>Mise \u00e0 jour du 21\/09\/2025Fichiers PDF ici: R\u00e8glement des Interclubs R\u00e8glement du Championnat r\u00e9gional Jeunes (document \u00e0 venir) R\u00e8glement NAT III Jeunes (document \u00e0 venir) &#8212;&#8212;&#8212;&#8212;&#8212;&#8212;&#8212;&#8212;&#8212;&#8212;&#8212;&#8212;&#8212;&#8211;<\/p>\n","protected":false},"author":1,"featured_media":0,"parent":0,"menu_order":0,"comment_status":"closed","ping_status":"closed","template":"","meta":{"footnotes":""},"class_list":["post-74","page","type-page","status-publish","hentry"],"_links":{"self":[{"href":"https:\/\/echecscentre-valdeloire.fr\/index.php\/wp-json\/wp\/v2\/pages\/74","targetHints":{"allow":["GET"]}}],"collection":[{"href":"https:\/\/echecscentre-valdeloire.fr\/index.php\/wp-json\/wp\/v2\/pages"}],"about":[{"href":"https:\/\/echecscentre-valdeloire.fr\/index.php\/wp-json\/wp\/v2\/types\/page"}],"author":[{"embeddable":true,"href":"https:\/\/echecscentre-valdeloire.fr\/index.php\/wp-json\/wp\/v2\/users\/1"}],"replies":[{"embeddable":true,"href":"https:\/\/echecscentre-valdeloire.fr\/index.php\/wp-json\/wp\/v2\/comments?post=74"}],"version-history":[{"count":13,"href":"https:\/\/echecscentre-valdeloire.fr\/index.php\/wp-json\/wp\/v2\/pages\/74\/revisions"}],"predecessor-version":[{"id":3389,"href":"https:\/\/echecscentre-valdeloire.fr\/index.php\/wp-json\/wp\/v2\/pages\/74\/revisions\/3389"}],"wp:attachment":[{"href":"https:\/\/echecscentre-valdeloire.fr\/index.php\/wp-json\/wp\/v2\/media?parent=74"}],"curies":[{"name":"wp","href":"https:\/\/api.w.org\/{rel}","templated":true}]}}