{"id":71,"date":"2016-07-06T20:36:23","date_gmt":"2016-07-06T19:36:23","guid":{"rendered":"http:\/\/echecscentre-valdeloire.fr\/?page_id=71"},"modified":"2024-11-13T14:41:50","modified_gmt":"2024-11-13T12:41:50","slug":"reglement-interieur-ligue-cvl","status":"publish","type":"page","link":"https:\/\/echecscentre-valdeloire.fr\/index.php\/reglement-interieur-ligue-cvl\/","title":{"rendered":"R\u00e8glement Int\u00e9rieur Ligue CVL"},"content":{"rendered":"<p>Fichier PDF ici: <a href=\"http:\/\/echecscentre-valdeloire.fr\/wp-content\/uploads\/2022\/01\/RI2022_v2-vote.pdf\">R\u00e8glement int\u00e9rieur ligue<\/a><\/p>\n<p>vot\u00e9 en AG le 8 janvier 2022 \u00e0 Blois<\/p>\n<p>&#8212;&#8212;&#8212;&#8212;&#8212;&#8212;&#8212;&#8212;&#8212;&#8212;&#8212;&#8212;-<\/p>\n","protected":false},"excerpt":{"rendered":"<p>Fichier PDF ici: R\u00e8glement int\u00e9rieur ligue vot\u00e9 en AG le 8 janvier 2022 \u00e0 Blois &#8212;&#8212;&#8212;&#8212;&#8212;&#8212;&#8212;&#8212;&#8212;&#8212;&#8212;&#8212;-<\/p>\n","protected":false},"author":1,"featured_media":0,"parent":0,"menu_order":0,"comment_status":"closed","ping_status":"closed","template":"","meta":{"footnotes":""},"class_list":["post-71","page","type-page","status-publish","hentry"],"_links":{"self":[{"href":"https:\/\/echecscentre-valdeloire.fr\/index.php\/wp-json\/wp\/v2\/pages\/71","targetHints":{"allow":["GET"]}}],"collection":[{"href":"https:\/\/echecscentre-valdeloire.fr\/index.php\/wp-json\/wp\/v2\/pages"}],"about":[{"href":"https:\/\/echecscentre-valdeloire.fr\/index.php\/wp-json\/wp\/v2\/types\/page"}],"author":[{"embeddable":true,"href":"https:\/\/echecscentre-valdeloire.fr\/index.php\/wp-json\/wp\/v2\/users\/1"}],"replies":[{"embeddable":true,"href":"https:\/\/echecscentre-valdeloire.fr\/index.php\/wp-json\/wp\/v2\/comments?post=71"}],"version-history":[{"count":3,"href":"https:\/\/echecscentre-valdeloire.fr\/index.php\/wp-json\/wp\/v2\/pages\/71\/revisions"}],"predecessor-version":[{"id":2827,"href":"https:\/\/echecscentre-valdeloire.fr\/index.php\/wp-json\/wp\/v2\/pages\/71\/revisions\/2827"}],"wp:attachment":[{"href":"https:\/\/echecscentre-valdeloire.fr\/index.php\/wp-json\/wp\/v2\/media?parent=71"}],"curies":[{"name":"wp","href":"https:\/\/api.w.org\/{rel}","templated":true}]}}