{"id":67,"date":"2016-07-06T20:26:07","date_gmt":"2016-07-06T19:26:07","guid":{"rendered":"http:\/\/echecscentre-valdeloire.fr\/?page_id=67"},"modified":"2016-07-06T20:26:07","modified_gmt":"2016-07-06T19:26:07","slug":"les-statuts-de-la-ligue-cvl","status":"publish","type":"page","link":"https:\/\/echecscentre-valdeloire.fr\/index.php\/les-statuts-de-la-ligue-cvl\/","title":{"rendered":"Les statuts de la Ligue CVL"},"content":{"rendered":"<p>Les derniers Statuts ont \u00e9t\u00e9 adopt\u00e9 en AG du 19 juin 2016 \u00e0 Olivet.<br \/>\nIls contiennent notamment le changement d&#8217;adresse du Si\u00e8ge social \u00e0:<br \/>\nMaison des Sports &#8211; rue de l&#8217;aviation &#8211; 37210 Par\u00e7ay-Meslay<\/p>\n<p>Statuts \u00e0 t\u00e9l\u00e9charger ici:\u00a0<a href=\"http:\/\/echecscentre-valdeloire.fr\/wp-content\/uploads\/2016\/07\/Statuts_LigueCVL_echecs_AG_19062016.pdf\">Statuts_LigueCVL_echecs_AG_19062016<\/a><\/p>\n<p>&#8212;&#8212;&#8212;&#8212;&#8212;&#8212;&#8212;&#8212;&#8212;&#8212;-<\/p>\n","protected":false},"excerpt":{"rendered":"<p>Les derniers Statuts ont \u00e9t\u00e9 adopt\u00e9 en AG du 19 juin 2016 \u00e0 Olivet. Ils contiennent notamment le changement d&#8217;adresse du Si\u00e8ge social \u00e0: Maison des Sports &#8211; rue de l&#8217;aviation &#8211; 37210 Par\u00e7ay-Meslay Statuts \u00e0 t\u00e9l\u00e9charger ici:\u00a0Statuts_LigueCVL_echecs_AG_19062016 &#8212;&#8212;&#8212;&#8212;&#8212;&#8212;&#8212;&#8212;&#8212;&#8212;-<\/p>\n","protected":false},"author":1,"featured_media":0,"parent":0,"menu_order":0,"comment_status":"closed","ping_status":"closed","template":"","meta":{"footnotes":""},"class_list":["post-67","page","type-page","status-publish","hentry"],"_links":{"self":[{"href":"https:\/\/echecscentre-valdeloire.fr\/index.php\/wp-json\/wp\/v2\/pages\/67","targetHints":{"allow":["GET"]}}],"collection":[{"href":"https:\/\/echecscentre-valdeloire.fr\/index.php\/wp-json\/wp\/v2\/pages"}],"about":[{"href":"https:\/\/echecscentre-valdeloire.fr\/index.php\/wp-json\/wp\/v2\/types\/page"}],"author":[{"embeddable":true,"href":"https:\/\/echecscentre-valdeloire.fr\/index.php\/wp-json\/wp\/v2\/users\/1"}],"replies":[{"embeddable":true,"href":"https:\/\/echecscentre-valdeloire.fr\/index.php\/wp-json\/wp\/v2\/comments?post=67"}],"version-history":[{"count":1,"href":"https:\/\/echecscentre-valdeloire.fr\/index.php\/wp-json\/wp\/v2\/pages\/67\/revisions"}],"predecessor-version":[{"id":69,"href":"https:\/\/echecscentre-valdeloire.fr\/index.php\/wp-json\/wp\/v2\/pages\/67\/revisions\/69"}],"wp:attachment":[{"href":"https:\/\/echecscentre-valdeloire.fr\/index.php\/wp-json\/wp\/v2\/media?parent=67"}],"curies":[{"name":"wp","href":"https:\/\/api.w.org\/{rel}","templated":true}]}}