{"id":62,"date":"2016-07-06T20:15:49","date_gmt":"2016-07-06T19:15:49","guid":{"rendered":"http:\/\/echecscentre-valdeloire.fr\/?page_id=62"},"modified":"2016-07-06T20:15:49","modified_gmt":"2016-07-06T19:15:49","slug":"procedure-dhomologation","status":"publish","type":"page","link":"https:\/\/echecscentre-valdeloire.fr\/index.php\/procedure-dhomologation\/","title":{"rendered":"Proc\u00e9dure d&#8217;Homologation"},"content":{"rendered":"<p>Annonce du site FFE \u00e0 la page arbitrage<\/p>\n<p>Proc\u00e9dure d\u00e9crite sur le site FFE :page r\u00e8glement puis <a href=\"http:\/\/echecs.asso.fr\/Actu.aspx?Ref=5570\">homologation<\/a><\/p>\n<p>Les demandes d&#8217;homologation des Tournois doivent se faire de pr\u00e9f\u00e9rence en se connectant \u00e0 <a href=\"http:\/\/echecs.asso.fr\/Connect.aspx\">la page de gestion de son compte<\/a>, puis en utilisant le Menu suppl\u00e9mentaire Homologation.<\/p>\n<p>Pour les Tournois Homologu\u00e9s FIDE il faut choisir F.F.E. comme destinataire dans le Formulaire.<\/p>\n<p>Les demandes doivent \u00eatre faites 15 jours avant le d\u00e9but du Tournoi.<\/p>\n<p>Pour les Tournois permettant de r\u00e9aliser des Normes les demandes doivent \u00eatre faites 40 jours avant le d\u00e9but du Tournoi.<\/p>\n<p>Pour les autres Tournois Rapides ou \u00e0 cadence non fide il faut choisir la Ligue concern\u00e9e comme destinataire dans le formulaire.<\/p>\n<p>Les demandes doivent \u00eatre faites 10 jours avant le d\u00e9but du Tournoi.<\/p>\n<p>Si la cadence implique une restriction elo pour obtenir l&#8217;homologation FIDE (1h ou 1h30 de jeu) il faut indiquer clairement \u00e0 la fin du Nom du Tournoi (-2200) ou (-1600).<\/p>\n<p>Si votre manifestation comporte plusieurs tournois il faut faire une demande par Tournoi.<\/p>\n<p>Pour les \u00e9liminatoires jeunes avec beaucoup de Tournois dont certains sont FIDE (4 joueurs FIDE minimum) et d&#8217;autres non, la demande de tous les Tournois doit \u00eatre faite de pr\u00e9f\u00e9rence \u00e0 la Ligue, qui fait suivre la demande FIDE \u00e0 la FFE.<\/p>\n<p>Pour les Tournois se d\u00e9roulant sur plusieurs p\u00e9riodes de publication la FIDE accepte de plus en plus des dur\u00e9es importantes entre le d\u00e9but et la fin, il faut donc \u00e9viter de d\u00e9couper les Tournois. En cas d&#8217;impossibilit\u00e9 de faire passer en une fois, le Tournoi sera coup\u00e9 en 2; dans les autres cas le Tournoi sera homologu\u00e9 sur une seule p\u00e9riode.<\/p>\n","protected":false},"excerpt":{"rendered":"<p>Annonce du site FFE \u00e0 la page arbitrage Proc\u00e9dure d\u00e9crite sur le site FFE :page r\u00e8glement puis homologation Les demandes d&#8217;homologation des Tournois doivent se faire de pr\u00e9f\u00e9rence en se connectant \u00e0 la page de gestion de son compte, puis en utilisant le Menu suppl\u00e9mentaire Homologation. Pour les Tournois Homologu\u00e9s FIDE il faut choisir F.F.E. &hellip; <a href=\"https:\/\/echecscentre-valdeloire.fr\/index.php\/procedure-dhomologation\/\" class=\"more-link\">Continuer la lecture de <span class=\"screen-reader-text\">Proc\u00e9dure d&#8217;Homologation<\/span>  <span class=\"meta-nav\">&rarr;<\/span><\/a><\/p>\n","protected":false},"author":1,"featured_media":0,"parent":0,"menu_order":0,"comment_status":"closed","ping_status":"closed","template":"","meta":{"footnotes":""},"class_list":["post-62","page","type-page","status-publish","hentry"],"_links":{"self":[{"href":"https:\/\/echecscentre-valdeloire.fr\/index.php\/wp-json\/wp\/v2\/pages\/62","targetHints":{"allow":["GET"]}}],"collection":[{"href":"https:\/\/echecscentre-valdeloire.fr\/index.php\/wp-json\/wp\/v2\/pages"}],"about":[{"href":"https:\/\/echecscentre-valdeloire.fr\/index.php\/wp-json\/wp\/v2\/types\/page"}],"author":[{"embeddable":true,"href":"https:\/\/echecscentre-valdeloire.fr\/index.php\/wp-json\/wp\/v2\/users\/1"}],"replies":[{"embeddable":true,"href":"https:\/\/echecscentre-valdeloire.fr\/index.php\/wp-json\/wp\/v2\/comments?post=62"}],"version-history":[{"count":1,"href":"https:\/\/echecscentre-valdeloire.fr\/index.php\/wp-json\/wp\/v2\/pages\/62\/revisions"}],"predecessor-version":[{"id":63,"href":"https:\/\/echecscentre-valdeloire.fr\/index.php\/wp-json\/wp\/v2\/pages\/62\/revisions\/63"}],"wp:attachment":[{"href":"https:\/\/echecscentre-valdeloire.fr\/index.php\/wp-json\/wp\/v2\/media?parent=62"}],"curies":[{"name":"wp","href":"https:\/\/api.w.org\/{rel}","templated":true}]}}