{"id":49,"date":"2016-07-06T19:45:10","date_gmt":"2016-07-06T18:45:10","guid":{"rendered":"http:\/\/echecscentre-valdeloire.fr\/?page_id=49"},"modified":"2021-09-04T17:45:53","modified_gmt":"2021-09-04T15:45:53","slug":"les-membres-du-comite-directeur","status":"publish","type":"page","link":"https:\/\/echecscentre-valdeloire.fr\/index.php\/les-membres-du-comite-directeur\/","title":{"rendered":"Les Membres du Comit\u00e9 Directeur \/ Organigramme SAISON 2021-2022"},"content":{"rendered":"<p><strong><em>T\u00e9l\u00e9chargez ci-dessous l&#8217;organigramme de la Ligue avec :<\/em><\/strong><br \/>&#8211; Membres du Comit\u00e9 Directeur<br \/>&#8211; Responsables de Secteurs<br \/>&#8211; Pr\u00e9sidents de CDJE<\/p>\n\n\n<div class=\"wp-block-file\"><a href=\"http:\/\/echecscentre-valdeloire.fr\/wp-content\/uploads\/2021\/09\/Organigramme-et-membres_CD_CDJE.pdf\">Organigramme-et-membres_CD_CDJE<\/a><a href=\"http:\/\/echecscentre-valdeloire.fr\/wp-content\/uploads\/2021\/09\/Organigramme-et-membres_CD_CDJE.pdf\" class=\"wp-block-file__button\" download>T\u00e9l\u00e9charger<\/a><\/div>\n","protected":false},"excerpt":{"rendered":"<p>T\u00e9l\u00e9chargez ci-dessous l&#8217;organigramme de la Ligue avec :&#8211; Membres du Comit\u00e9 Directeur&#8211; Responsables de Secteurs&#8211; Pr\u00e9sidents de CDJE<\/p>\n","protected":false},"author":1,"featured_media":0,"parent":0,"menu_order":0,"comment_status":"closed","ping_status":"closed","template":"","meta":{"footnotes":""},"class_list":["post-49","page","type-page","status-publish","hentry"],"_links":{"self":[{"href":"https:\/\/echecscentre-valdeloire.fr\/index.php\/wp-json\/wp\/v2\/pages\/49","targetHints":{"allow":["GET"]}}],"collection":[{"href":"https:\/\/echecscentre-valdeloire.fr\/index.php\/wp-json\/wp\/v2\/pages"}],"about":[{"href":"https:\/\/echecscentre-valdeloire.fr\/index.php\/wp-json\/wp\/v2\/types\/page"}],"author":[{"embeddable":true,"href":"https:\/\/echecscentre-valdeloire.fr\/index.php\/wp-json\/wp\/v2\/users\/1"}],"replies":[{"embeddable":true,"href":"https:\/\/echecscentre-valdeloire.fr\/index.php\/wp-json\/wp\/v2\/comments?post=49"}],"version-history":[{"count":11,"href":"https:\/\/echecscentre-valdeloire.fr\/index.php\/wp-json\/wp\/v2\/pages\/49\/revisions"}],"predecessor-version":[{"id":2573,"href":"https:\/\/echecscentre-valdeloire.fr\/index.php\/wp-json\/wp\/v2\/pages\/49\/revisions\/2573"}],"wp:attachment":[{"href":"https:\/\/echecscentre-valdeloire.fr\/index.php\/wp-json\/wp\/v2\/media?parent=49"}],"curies":[{"name":"wp","href":"https:\/\/api.w.org\/{rel}","templated":true}]}}