{"id":3319,"date":"2025-10-28T20:52:05","date_gmt":"2025-10-28T18:52:05","guid":{"rendered":"https:\/\/echecscentre-valdeloire.fr\/?page_id=3319"},"modified":"2025-10-28T20:52:06","modified_gmt":"2025-10-28T18:52:06","slug":"organigramme","status":"publish","type":"page","link":"https:\/\/echecscentre-valdeloire.fr\/index.php\/organigramme\/","title":{"rendered":"Organigramme"},"content":{"rendered":"\n<div class=\"wp-block-group is-vertical is-layout-flex wp-container-core-group-is-layout-8cf370e7 wp-block-group-is-layout-flex\">\n<p>Le bureau :<\/p>\n\n\n\n<div class=\"wp-block-columns is-layout-flex wp-container-core-columns-is-layout-9d6595d7 wp-block-columns-is-layout-flex\">\n<div class=\"wp-block-column is-layout-flow wp-block-column-is-layout-flow\">\n<div class=\"wp-block-columns is-layout-flex wp-container-core-columns-is-layout-9d6595d7 wp-block-columns-is-layout-flex\">\n<div class=\"wp-block-column has-small-font-size is-layout-flow wp-block-column-is-layout-flow\">\n<p>Pr\u00e9sident : <a href=\"president@echecscentre-valdeloire.fr\" data-type=\"link\" data-id=\"president@echecscentre-valdeloire.fr\">Paul Adrien Sally<\/a><\/p>\n<\/div>\n\n\n\n<div class=\"wp-block-column has-small-font-size is-layout-flow wp-block-column-is-layout-flow\">\n<p>Vice Pr\u00e9sidente : <a href=\"juliecolin.echecs@gmail.com\" data-type=\"link\" data-id=\"juliecolin.echecs@gmail.com\">Julie Colin<\/a><\/p>\n<\/div>\n\n\n\n<div class=\"wp-block-column has-small-font-size is-layout-flow wp-block-column-is-layout-flow\">\n<p>Tr\u00e9sorier : <a href=\"denis.dupeux@wanadoo.fr\" data-type=\"link\" data-id=\"denis.dupeux@wanadoo.fr\">Denis Dupeux<\/a><\/p>\n<\/div>\n\n\n\n<div class=\"wp-block-column has-small-font-size is-layout-flow wp-block-column-is-layout-flow\">\n<p>Secr\u00e9taire : <a href=\"didier87.nicolas@laposte.net\" data-type=\"link\" data-id=\"didier87.nicolas@laposte.net\">Didier Nicolas<\/a><\/p>\n<\/div>\n<\/div>\n<\/div>\n<\/div>\n<\/div>\n\n\n\n<div class=\"wp-block-group is-vertical is-layout-flex wp-container-core-group-is-layout-8cf370e7 wp-block-group-is-layout-flex\">\n<p>Les secteurs :<\/p>\n\n\n\n<div class=\"wp-block-columns has-small-font-size is-layout-flex wp-container-core-columns-is-layout-9d6595d7 wp-block-columns-is-layout-flex\">\n<div class=\"wp-block-column is-layout-flow wp-block-column-is-layout-flow\">\n<p>Technique : <a href=\"dirtech.cvl.echecs@gmail.com\" data-type=\"link\" data-id=\"dirtech.cvl.echecs@gmail.com\">Ollivier Rioland<\/a><\/p>\n<\/div>\n\n\n\n<div class=\"wp-block-column is-layout-flow wp-block-column-is-layout-flow\">\n<p>Interclub : <a href=\"dirtech.cvl.echecs@gmail.com\" data-type=\"link\" data-id=\"dirtech.cvl.echecs@gmail.com\">Jean-Claude Templeur<\/a><\/p>\n<\/div>\n\n\n\n<div class=\"wp-block-column is-layout-flow wp-block-column-is-layout-flow\">\n<p>Formation : <a href=\"jean-louis.salvaing@orange.fr\" data-type=\"link\" data-id=\"jean-louis.salvaing@orange.fr\">Jean-Louis Salvaing<\/a><\/p>\n<\/div>\n\n\n\n<div class=\"wp-block-column is-layout-flow wp-block-column-is-layout-flow\">\n<p>Arbitrage : <a href=\"juliecolin.echecs@gmail.com\" data-type=\"link\" data-id=\"juliecolin.echecs@gmail.com\">Julie Colin<\/a><\/p>\n<\/div>\n\n\n\n<div class=\"wp-block-column is-layout-flow wp-block-column-is-layout-flow\">\n<p>Territoire : <a href=\"christophe.dubost@db-etudes.fr\">Christophe Dubost<\/a><\/p>\n<\/div>\n<\/div>\n\n\n\n<div class=\"wp-block-columns has-small-font-size is-layout-flex wp-container-core-columns-is-layout-9d6595d7 wp-block-columns-is-layout-flex\">\n<div class=\"wp-block-column is-layout-flow wp-block-column-is-layout-flow\">\n<p>Mixit\u00e9 : <a href=\"jabalylisa@gmail.com\" data-type=\"link\" data-id=\"jabalylisa@gmail.com\">Lisa Jabaly<\/a><\/p>\n<\/div>\n\n\n\n<div class=\"wp-block-column is-layout-flow wp-block-column-is-layout-flow\">\n<p>Jeunes : <a href=\"hadrien.reuillon3@gmail.com\" data-type=\"link\" data-id=\"hadrien.reuillon3@gmail.com\">Hadrien Reuillon<\/a><\/p>\n<\/div>\n\n\n\n<div class=\"wp-block-column is-layout-flow wp-block-column-is-layout-flow\">\n<p>Scolaire : <a href=\"masallanic@orange.fr\" data-type=\"link\" data-id=\"masallanic@orange.fr\">Anne-Sophie Allanic<\/a><\/p>\n<\/div>\n\n\n\n<div class=\"wp-block-column is-layout-flow wp-block-column-is-layout-flow\">\n<p>Handicap : <a href=\"aurelie.renard21@gmail.com\" data-type=\"link\" data-id=\"aurelie.renard21@gmail.com\">Aur\u00e9lie Renard-Vignelles<\/a><\/p>\n<\/div>\n\n\n\n<div class=\"wp-block-column is-layout-flow wp-block-column-is-layout-flow\"><\/div>\n<\/div>\n<\/div>\n\n\n\n<div class=\"wp-block-group is-vertical is-layout-flex wp-container-core-group-is-layout-8cf370e7 wp-block-group-is-layout-flex\">\n<p>Membres :<\/p>\n\n\n\n<div class=\"wp-block-columns is-layout-flex wp-container-core-columns-is-layout-9d6595d7 wp-block-columns-is-layout-flex\">\n<div class=\"wp-block-column has-small-font-size is-layout-flow wp-block-column-is-layout-flow\">\n<p>Jean-Paul Bazart<\/p>\n<\/div>\n\n\n\n<div class=\"wp-block-column has-small-font-size is-layout-flow wp-block-column-is-layout-flow\">\n<p>Sylvain Cantagrel<\/p>\n<\/div>\n\n\n\n<div class=\"wp-block-column has-small-font-size is-layout-flow wp-block-column-is-layout-flow\">\n<p>Michel Krauss<\/p>\n<\/div>\n<\/div>\n\n\n\n<div class=\"wp-block-columns is-layout-flex wp-container-core-columns-is-layout-9d6595d7 wp-block-columns-is-layout-flex\">\n<div class=\"wp-block-column has-small-font-size is-layout-flow wp-block-column-is-layout-flow\">\n<p>Jean Meunier-Pion<\/p>\n<\/div>\n\n\n\n<div class=\"wp-block-column has-small-font-size is-layout-flow wp-block-column-is-layout-flow\">\n<p>Romain Moussu<\/p>\n<\/div>\n\n\n\n<div class=\"wp-block-column has-small-font-size is-layout-flow wp-block-column-is-layout-flow\">\n<p>Jean Peniquaud<\/p>\n<\/div>\n<\/div>\n<\/div>\n\n\n\n<p><\/p>\n","protected":false},"excerpt":{"rendered":"<p>Le bureau : Pr\u00e9sident : Paul Adrien Sally Vice Pr\u00e9sidente : Julie Colin Tr\u00e9sorier : Denis Dupeux Secr\u00e9taire : Didier Nicolas Les secteurs : Technique : Ollivier Rioland Interclub : Jean-Claude Templeur Formation : Jean-Louis Salvaing Arbitrage : Julie Colin Territoire : Christophe Dubost Mixit\u00e9 : Lisa Jabaly Jeunes : Hadrien Reuillon Scolaire : Anne-Sophie &hellip; <a href=\"https:\/\/echecscentre-valdeloire.fr\/index.php\/organigramme\/\" class=\"more-link\">Continuer la lecture de <span class=\"screen-reader-text\">Organigramme<\/span>  <span class=\"meta-nav\">&rarr;<\/span><\/a><\/p>\n","protected":false},"author":9,"featured_media":0,"parent":0,"menu_order":0,"comment_status":"closed","ping_status":"closed","template":"","meta":{"footnotes":""},"class_list":["post-3319","page","type-page","status-publish","hentry"],"_links":{"self":[{"href":"https:\/\/echecscentre-valdeloire.fr\/index.php\/wp-json\/wp\/v2\/pages\/3319","targetHints":{"allow":["GET"]}}],"collection":[{"href":"https:\/\/echecscentre-valdeloire.fr\/index.php\/wp-json\/wp\/v2\/pages"}],"about":[{"href":"https:\/\/echecscentre-valdeloire.fr\/index.php\/wp-json\/wp\/v2\/types\/page"}],"author":[{"embeddable":true,"href":"https:\/\/echecscentre-valdeloire.fr\/index.php\/wp-json\/wp\/v2\/users\/9"}],"replies":[{"embeddable":true,"href":"https:\/\/echecscentre-valdeloire.fr\/index.php\/wp-json\/wp\/v2\/comments?post=3319"}],"version-history":[{"count":7,"href":"https:\/\/echecscentre-valdeloire.fr\/index.php\/wp-json\/wp\/v2\/pages\/3319\/revisions"}],"predecessor-version":[{"id":3429,"href":"https:\/\/echecscentre-valdeloire.fr\/index.php\/wp-json\/wp\/v2\/pages\/3319\/revisions\/3429"}],"wp:attachment":[{"href":"https:\/\/echecscentre-valdeloire.fr\/index.php\/wp-json\/wp\/v2\/media?parent=3319"}],"curies":[{"name":"wp","href":"https:\/\/api.w.org\/{rel}","templated":true}]}}